{"id":216,"date":"2023-05-03T17:26:30","date_gmt":"2023-05-03T17:26:30","guid":{"rendered":"https:\/\/onorarestaurante.com\/en\/?page_id=216"},"modified":"2025-06-11T16:30:18","modified_gmt":"2025-06-11T16:30:18","slug":"our-pride","status":"publish","type":"page","link":"https:\/\/onorarestaurante.com\/en\/our-pride\/","title":{"rendered":"Our pride"},"content":{"rendered":"\t\t<div data-elementor-type=\"wp-page\" data-elementor-id=\"216\" class=\"elementor elementor-216\" data-elementor-post-type=\"page\">\n\t\t\t\t\t\t<section class=\"elementor-section elementor-top-section elementor-element elementor-element-fc24c59 elementor-section-boxed elementor-section-height-default elementor-section-height-default\" data-id=\"fc24c59\" data-element_type=\"section\">\n\t\t\t\t\t\t<div class=\"elementor-container elementor-column-gap-no\">\n\t\t\t\t\t<div class=\"elementor-column elementor-col-100 elementor-top-column elementor-element elementor-element-3bbb062\" data-id=\"3bbb062\" data-element_type=\"column\">\n\t\t\t<div class=\"elementor-widget-wrap elementor-element-populated\">\n\t\t\t\t\t\t<div class=\"elementor-element elementor-element-a557ecc elementor-widget elementor-widget-image\" data-id=\"a557ecc\" data-element_type=\"widget\" data-settings=\"{&quot;motion_fx_motion_fx_scrolling&quot;:&quot;yes&quot;,&quot;motion_fx_scale_effect&quot;:&quot;yes&quot;,&quot;motion_fx_scale_direction&quot;:&quot;in-out&quot;,&quot;motion_fx_devices&quot;:[&quot;desktop&quot;],&quot;motion_fx_scale_speed&quot;:{&quot;unit&quot;:&quot;px&quot;,&quot;size&quot;:4,&quot;sizes&quot;:[]},&quot;motion_fx_scale_range&quot;:{&quot;unit&quot;:&quot;%&quot;,&quot;size&quot;:&quot;&quot;,&quot;sizes&quot;:{&quot;start&quot;:20,&quot;end&quot;:80}}}\" data-widget_type=\"image.default\">\n\t\t\t\t<div class=\"elementor-widget-container\">\n\t\t\t\t\t\t\t\t\t\t\t\t\t\t\t<img fetchpriority=\"high\" decoding=\"async\" width=\"1920\" height=\"1080\" src=\"https:\/\/onorarestaurante.com\/en\/wp-content\/uploads\/sites\/2\/2023\/06\/onora_web_4.jpg\" class=\"attachment-full size-full wp-image-597\" alt=\"onora web 4\" srcset=\"https:\/\/onorarestaurante.com\/en\/wp-content\/uploads\/sites\/2\/2023\/06\/onora_web_4.jpg 1920w, https:\/\/onorarestaurante.com\/en\/wp-content\/uploads\/sites\/2\/2023\/06\/onora_web_4-300x169.jpg 300w, https:\/\/onorarestaurante.com\/en\/wp-content\/uploads\/sites\/2\/2023\/06\/onora_web_4-1024x576.jpg 1024w, https:\/\/onorarestaurante.com\/en\/wp-content\/uploads\/sites\/2\/2023\/06\/onora_web_4-768x432.jpg 768w, https:\/\/onorarestaurante.com\/en\/wp-content\/uploads\/sites\/2\/2023\/06\/onora_web_4-1536x864.jpg 1536w\" sizes=\"(max-width: 1920px) 100vw, 1920px\" \/>\t\t\t\t\t\t\t\t\t\t\t\t\t\t\t<\/div>\n\t\t\t\t<\/div>\n\t\t\t\t<section class=\"elementor-section elementor-inner-section elementor-element elementor-element-d86d694 elementor-section-boxed elementor-section-height-default elementor-section-height-default\" data-id=\"d86d694\" data-element_type=\"section\" id=\"banner-text\">\n\t\t\t\t\t\t<div class=\"elementor-container elementor-column-gap-default\">\n\t\t\t\t\t<div class=\"elementor-column elementor-col-100 elementor-inner-column elementor-element elementor-element-d850e27\" data-id=\"d850e27\" data-element_type=\"column\">\n\t\t\t<div class=\"elementor-widget-wrap elementor-element-populated\">\n\t\t\t\t\t\t<div class=\"elementor-element elementor-element-4d27965 elementor-widget elementor-widget-heading\" data-id=\"4d27965\" data-element_type=\"widget\" data-widget_type=\"heading.default\">\n\t\t\t\t<div class=\"elementor-widget-container\">\n\t\t\t\t\t<h1 class=\"elementor-heading-title elementor-size-default\">Our pride<\/h1>\t\t\t\t<\/div>\n\t\t\t\t<\/div>\n\t\t\t\t<div class=\"elementor-element elementor-element-b149ce9 elementor-widget elementor-widget-text-editor\" data-id=\"b149ce9\" data-element_type=\"widget\" data-widget_type=\"text-editor.default\">\n\t\t\t\t<div class=\"elementor-widget-container\">\n\t\t\t\t\t\t\t\t\t<p>To pay tribute to Mexico at the hands of Jonat\u00e1n G\u00f3mez Luna.<\/p>\t\t\t\t\t\t\t\t<\/div>\n\t\t\t\t<\/div>\n\t\t\t\t\t<\/div>\n\t\t<\/div>\n\t\t\t\t\t<\/div>\n\t\t<\/section>\n\t\t\t\t\t<\/div>\n\t\t<\/div>\n\t\t\t\t\t<\/div>\n\t\t<\/section>\n\t\t\t\t<section class=\"elementor-section elementor-top-section elementor-element elementor-element-2b15421 elementor-section-boxed elementor-section-height-default elementor-section-height-default\" data-id=\"2b15421\" data-element_type=\"section\">\n\t\t\t\t\t\t<div class=\"elementor-container elementor-column-gap-default\">\n\t\t\t\t\t<div class=\"elementor-column elementor-col-100 elementor-top-column elementor-element elementor-element-2b5355e\" data-id=\"2b5355e\" data-element_type=\"column\">\n\t\t\t<div class=\"elementor-widget-wrap elementor-element-populated\">\n\t\t\t\t\t\t<div class=\"elementor-element elementor-element-623f0b9 elementor-widget elementor-widget-text-editor\" data-id=\"623f0b9\" data-element_type=\"widget\" data-widget_type=\"text-editor.default\">\n\t\t\t\t<div class=\"elementor-widget-container\">\n\t\t\t\t\t\t\t\t\t<p class=\"p1\"><b>Multi-award-winning<\/b> Mexican chef <b>Jonat\u00e1n G\u00f3mez Luna<\/b> pays gastronomic tribute to the best of Mexican cuisine. Winner of the Estrella Damm <b>Chef&#8217;s Choice Award 2022<\/b> for Best Chef in Latin America, recipient of a \u201cCuchillo\u201d in the Excellence category at <b>The Best Chef Awards 2024<\/b> and winner of the <b>Mentor Chef Award 2025<\/b> by Michelin Guide Mexico, Jonat\u00e1n leads the new generation of Mexican chefs in a creative, relaxed and faithful way to the wonderful flavors of our land.<\/p>\t\t\t\t\t\t\t\t<\/div>\n\t\t\t\t<\/div>\n\t\t\t\t\t<\/div>\n\t\t<\/div>\n\t\t\t\t\t<\/div>\n\t\t<\/section>\n\t\t\t\t<section class=\"elementor-section elementor-top-section elementor-element elementor-element-04cb7af elementor-section-boxed elementor-section-height-default elementor-section-height-default\" data-id=\"04cb7af\" data-element_type=\"section\">\n\t\t\t\t\t\t<div class=\"elementor-container elementor-column-gap-default\">\n\t\t\t\t\t<div class=\"elementor-column elementor-col-50 elementor-top-column elementor-element elementor-element-bff925f\" data-id=\"bff925f\" data-element_type=\"column\">\n\t\t\t<div class=\"elementor-widget-wrap elementor-element-populated\">\n\t\t\t\t\t\t<div class=\"elementor-element elementor-element-0fe71cd elementor-widget elementor-widget-heading\" data-id=\"0fe71cd\" data-element_type=\"widget\" data-widget_type=\"heading.default\">\n\t\t\t\t<div class=\"elementor-widget-container\">\n\t\t\t\t\t<h2 class=\"elementor-heading-title elementor-size-default\">Jonat\u00e1n G\u00f3mez Luna<\/h2>\t\t\t\t<\/div>\n\t\t\t\t<\/div>\n\t\t\t\t<div class=\"elementor-element elementor-element-1b8bf49 elementor-widget elementor-widget-text-editor\" data-id=\"1b8bf49\" data-element_type=\"widget\" data-widget_type=\"text-editor.default\">\n\t\t\t\t<div class=\"elementor-widget-container\">\n\t\t\t\t\t\t\t\t\t<p>With an innovative vision and a unique ability to combine traditional ingredients with avant-garde techniques, G\u00f3mez Luna has succeeded in reinventing Mexican gastronomy. His approach is based on rescuing the authentic flavors of our land and presenting them in a creative and relaxed manner, without losing sight of the essence and richness of our ancestral cuisine.<\/p><p>Each dish created by this talented chef is a tribute to the diversity and abundance of ingredients that characterize Mexican cuisine. His creations reflect a deep understanding of culinary techniques and a profound respect for local products, working closely with farmers and suppliers to ensure the quality and freshness of each ingredient.<\/p><p>G\u00f3mez Luna is a leader of a new generation of Mexican chefs who are taking national cuisine to new heights. His boundless creativity and ability to experiment with flavors and textures have made him a reference in the international gastronomic scene. Through his work, he has managed to spread the richness and diversity of Mexican cuisine, attracting the attention of diners and critics from around the world.<\/p><p>For Jonat\u00e1n G\u00f3mez Luna, gastronomy is an art that allows him to tell stories and convey emotions through flavors. Each dish that comes out of his kitchen is a unique experience, an explosion of colors, aromas, and flavors that delight the senses and transport those who taste it on an unforgettable culinary journey.<\/p><p>With his innate talent and tireless dedication, Jonat\u00e1n G\u00f3mez Luna continues to surprise and enchant food lovers worldwide. His legacy will endure as an inspiration for future generations of chefs, always reminding us of the invaluable culinary treasure that Mexico possesses and the transformative power of cuisine as a cultural expression.<\/p>\t\t\t\t\t\t\t\t<\/div>\n\t\t\t\t<\/div>\n\t\t\t\t<div class=\"elementor-element elementor-element-bd689e7 elementor-align-left elementor-widget elementor-widget-button\" data-id=\"bd689e7\" data-element_type=\"widget\" data-widget_type=\"button.default\">\n\t\t\t\t<div class=\"elementor-widget-container\">\n\t\t\t\t\t\t\t\t\t<div class=\"elementor-button-wrapper\">\n\t\t\t\t\t<a class=\"elementor-button elementor-button-link elementor-size-sm\" href=\"https:\/\/onorarestaurante.com\/en\/book-now\/\">\n\t\t\t\t\t\t<span class=\"elementor-button-content-wrapper\">\n\t\t\t\t\t\t\t\t\t<span class=\"elementor-button-text\">Book Now<\/span>\n\t\t\t\t\t<\/span>\n\t\t\t\t\t<\/a>\n\t\t\t\t<\/div>\n\t\t\t\t\t\t\t\t<\/div>\n\t\t\t\t<\/div>\n\t\t\t\t\t<\/div>\n\t\t<\/div>\n\t\t\t\t<div class=\"elementor-column elementor-col-50 elementor-top-column elementor-element elementor-element-96b5b0a\" data-id=\"96b5b0a\" data-element_type=\"column\">\n\t\t\t<div class=\"elementor-widget-wrap elementor-element-populated\">\n\t\t\t\t\t\t<div class=\"elementor-element elementor-element-40cab7e elementor-widget elementor-widget-image\" data-id=\"40cab7e\" data-element_type=\"widget\" data-widget_type=\"image.default\">\n\t\t\t\t<div class=\"elementor-widget-container\">\n\t\t\t\t\t\t\t\t\t\t\t\t\t\t\t<img decoding=\"async\" width=\"800\" height=\"1200\" src=\"https:\/\/onorarestaurante.com\/en\/wp-content\/uploads\/sites\/2\/2023\/06\/onora_web_3.jpg\" class=\"attachment-full size-full wp-image-598\" alt=\"onora web 3\" srcset=\"https:\/\/onorarestaurante.com\/en\/wp-content\/uploads\/sites\/2\/2023\/06\/onora_web_3.jpg 800w, https:\/\/onorarestaurante.com\/en\/wp-content\/uploads\/sites\/2\/2023\/06\/onora_web_3-200x300.jpg 200w, https:\/\/onorarestaurante.com\/en\/wp-content\/uploads\/sites\/2\/2023\/06\/onora_web_3-683x1024.jpg 683w, https:\/\/onorarestaurante.com\/en\/wp-content\/uploads\/sites\/2\/2023\/06\/onora_web_3-768x1152.jpg 768w\" sizes=\"(max-width: 800px) 100vw, 800px\" \/>\t\t\t\t\t\t\t\t\t\t\t\t\t\t\t<\/div>\n\t\t\t\t<\/div>\n\t\t\t\t\t<\/div>\n\t\t<\/div>\n\t\t\t\t\t<\/div>\n\t\t<\/section>\n\t\t\t\t<section class=\"elementor-section elementor-top-section elementor-element elementor-element-a0652e0 elementor-section-boxed elementor-section-height-default elementor-section-height-default\" data-id=\"a0652e0\" data-element_type=\"section\">\n\t\t\t\t\t\t<div class=\"elementor-container elementor-column-gap-default\">\n\t\t\t\t\t<div class=\"elementor-column elementor-col-33 elementor-top-column elementor-element elementor-element-61b008b\" data-id=\"61b008b\" data-element_type=\"column\">\n\t\t\t<div class=\"elementor-widget-wrap elementor-element-populated\">\n\t\t\t\t\t\t<div class=\"elementor-element elementor-element-f02a306 elementor-widget elementor-widget-image\" data-id=\"f02a306\" data-element_type=\"widget\" data-widget_type=\"image.default\">\n\t\t\t\t<div class=\"elementor-widget-container\">\n\t\t\t\t\t\t\t\t\t\t\t\t\t\t\t\t<a href=\"https:\/\/www.instagram.com\/p\/DFY9hfvx6aF\/?hl=es\" target=\"_blank\">\n\t\t\t\t\t\t\t<img decoding=\"async\" width=\"1279\" height=\"1600\" src=\"https:\/\/onorarestaurante.com\/en\/wp-content\/uploads\/sites\/2\/2025\/06\/WhatsApp-Image-2025-06-10-at-1.32.09-PM.jpeg\" class=\"attachment-full size-full wp-image-1088\" alt=\"whatsapp image 2025 06 10 at 1 32 09 pm jpeg\" srcset=\"https:\/\/onorarestaurante.com\/en\/wp-content\/uploads\/sites\/2\/2025\/06\/WhatsApp-Image-2025-06-10-at-1.32.09-PM.jpeg 1279w, https:\/\/onorarestaurante.com\/en\/wp-content\/uploads\/sites\/2\/2025\/06\/WhatsApp-Image-2025-06-10-at-1.32.09-PM-240x300.jpeg 240w, https:\/\/onorarestaurante.com\/en\/wp-content\/uploads\/sites\/2\/2025\/06\/WhatsApp-Image-2025-06-10-at-1.32.09-PM-819x1024.jpeg 819w, https:\/\/onorarestaurante.com\/en\/wp-content\/uploads\/sites\/2\/2025\/06\/WhatsApp-Image-2025-06-10-at-1.32.09-PM-768x961.jpeg 768w, https:\/\/onorarestaurante.com\/en\/wp-content\/uploads\/sites\/2\/2025\/06\/WhatsApp-Image-2025-06-10-at-1.32.09-PM-1228x1536.jpeg 1228w\" sizes=\"(max-width: 1279px) 100vw, 1279px\" \/>\t\t\t\t\t\t\t\t<\/a>\n\t\t\t\t\t\t\t\t\t\t\t\t\t\t\t<\/div>\n\t\t\t\t<\/div>\n\t\t\t\t\t<\/div>\n\t\t<\/div>\n\t\t\t\t<div class=\"elementor-column elementor-col-33 elementor-top-column elementor-element elementor-element-a66d8c6\" data-id=\"a66d8c6\" data-element_type=\"column\">\n\t\t\t<div class=\"elementor-widget-wrap elementor-element-populated\">\n\t\t\t\t\t\t<div class=\"elementor-element elementor-element-e86dad7 elementor-widget elementor-widget-image\" data-id=\"e86dad7\" data-element_type=\"widget\" data-widget_type=\"image.default\">\n\t\t\t\t<div class=\"elementor-widget-container\">\n\t\t\t\t\t\t\t\t\t\t\t\t\t\t\t\t<a href=\"https:\/\/www.instagram.com\/p\/DHmK5twSCEU\/?hl=es\" target=\"_blank\">\n\t\t\t\t\t\t\t<img loading=\"lazy\" decoding=\"async\" width=\"1280\" height=\"1600\" src=\"https:\/\/onorarestaurante.com\/en\/wp-content\/uploads\/sites\/2\/2025\/06\/WhatsApp-Image-2025-06-10-at-1.32.09-PM-1.jpeg\" class=\"attachment-full size-full wp-image-1089\" alt=\"whatsapp image 2025 06 10 at 1 32 09 pm 1 jpeg\" srcset=\"https:\/\/onorarestaurante.com\/en\/wp-content\/uploads\/sites\/2\/2025\/06\/WhatsApp-Image-2025-06-10-at-1.32.09-PM-1.jpeg 1280w, https:\/\/onorarestaurante.com\/en\/wp-content\/uploads\/sites\/2\/2025\/06\/WhatsApp-Image-2025-06-10-at-1.32.09-PM-1-240x300.jpeg 240w, https:\/\/onorarestaurante.com\/en\/wp-content\/uploads\/sites\/2\/2025\/06\/WhatsApp-Image-2025-06-10-at-1.32.09-PM-1-819x1024.jpeg 819w, https:\/\/onorarestaurante.com\/en\/wp-content\/uploads\/sites\/2\/2025\/06\/WhatsApp-Image-2025-06-10-at-1.32.09-PM-1-768x960.jpeg 768w, https:\/\/onorarestaurante.com\/en\/wp-content\/uploads\/sites\/2\/2025\/06\/WhatsApp-Image-2025-06-10-at-1.32.09-PM-1-1229x1536.jpeg 1229w\" sizes=\"(max-width: 1280px) 100vw, 1280px\" \/>\t\t\t\t\t\t\t\t<\/a>\n\t\t\t\t\t\t\t\t\t\t\t\t\t\t\t<\/div>\n\t\t\t\t<\/div>\n\t\t\t\t\t<\/div>\n\t\t<\/div>\n\t\t\t\t<div class=\"elementor-column elementor-col-33 elementor-top-column elementor-element elementor-element-a69cbfd\" data-id=\"a69cbfd\" data-element_type=\"column\">\n\t\t\t<div class=\"elementor-widget-wrap elementor-element-populated\">\n\t\t\t\t\t\t<div class=\"elementor-element elementor-element-06979e9 elementor-widget elementor-widget-image\" data-id=\"06979e9\" data-element_type=\"widget\" data-widget_type=\"image.default\">\n\t\t\t\t<div class=\"elementor-widget-container\">\n\t\t\t\t\t\t\t\t\t\t\t\t\t\t\t\t<a href=\"https:\/\/www.instagram.com\/p\/DIABn6wzrkq\/?hl=es\" target=\"_blank\">\n\t\t\t\t\t\t\t<img loading=\"lazy\" decoding=\"async\" width=\"1279\" height=\"1600\" src=\"https:\/\/onorarestaurante.com\/en\/wp-content\/uploads\/sites\/2\/2025\/06\/WhatsApp-Image-2025-06-10-at-1.32.09-PM-2.jpeg\" class=\"attachment-full size-full wp-image-1091\" alt=\"whatsapp image 2025 06 10 at 1 32 09 pm 2 jpeg\" srcset=\"https:\/\/onorarestaurante.com\/en\/wp-content\/uploads\/sites\/2\/2025\/06\/WhatsApp-Image-2025-06-10-at-1.32.09-PM-2.jpeg 1279w, https:\/\/onorarestaurante.com\/en\/wp-content\/uploads\/sites\/2\/2025\/06\/WhatsApp-Image-2025-06-10-at-1.32.09-PM-2-240x300.jpeg 240w, https:\/\/onorarestaurante.com\/en\/wp-content\/uploads\/sites\/2\/2025\/06\/WhatsApp-Image-2025-06-10-at-1.32.09-PM-2-819x1024.jpeg 819w, https:\/\/onorarestaurante.com\/en\/wp-content\/uploads\/sites\/2\/2025\/06\/WhatsApp-Image-2025-06-10-at-1.32.09-PM-2-768x961.jpeg 768w, https:\/\/onorarestaurante.com\/en\/wp-content\/uploads\/sites\/2\/2025\/06\/WhatsApp-Image-2025-06-10-at-1.32.09-PM-2-1228x1536.jpeg 1228w\" sizes=\"(max-width: 1279px) 100vw, 1279px\" \/>\t\t\t\t\t\t\t\t<\/a>\n\t\t\t\t\t\t\t\t\t\t\t\t\t\t\t<\/div>\n\t\t\t\t<\/div>\n\t\t\t\t\t<\/div>\n\t\t<\/div>\n\t\t\t\t\t<\/div>\n\t\t<\/section>\n\t\t\t\t<\/div>\n\t\t","protected":false},"excerpt":{"rendered":"<p>To pay tribute to Mexico at the hands of Jonat\u00e1n G\u00f3mez Luna. Multi-award-winning Mexican chef Jonat\u00e1n G\u00f3mez Luna pays gastronomic tribute to the best of Mexican cuisine. Winner of the Estrella Damm Chef&#8217;s Choice Award 2022 for Best Chef in Latin America, recipient of a \u201cCuchillo\u201d in the Excellence category at The Best Chef Awards &hellip;<\/p>\n<p class=\"read-more\"> <a class=\"\" href=\"https:\/\/onorarestaurante.com\/en\/our-pride\/\"> <span class=\"screen-reader-text\">Our pride<\/span> Read More &raquo;<\/a><\/p>\n","protected":false},"author":2,"featured_media":0,"parent":0,"menu_order":0,"comment_status":"closed","ping_status":"closed","template":"","meta":{"_seopress_robots_primary_cat":"","_seopress_titles_title":"","_seopress_titles_desc":"","_seopress_robots_index":"","site-sidebar-layout":"no-sidebar","site-content-layout":"page-builder","ast-global-header-display":"","ast-main-header-display":"","ast-hfb-above-header-display":"","ast-hfb-below-header-display":"","ast-hfb-mobile-header-display":"","site-post-title":"disabled","ast-breadcrumbs-content":"","ast-featured-img":"disabled","footer-sml-layout":"","theme-transparent-header-meta":"","adv-header-id-meta":"","stick-header-meta":"","header-above-stick-meta":"","header-main-stick-meta":"","header-below-stick-meta":"","_joinchat":[],"footnotes":""},"class_list":["post-216","page","type-page","status-publish","hentry"],"_links":{"self":[{"href":"https:\/\/onorarestaurante.com\/en\/wp-json\/wp\/v2\/pages\/216","targetHints":{"allow":["GET"]}}],"collection":[{"href":"https:\/\/onorarestaurante.com\/en\/wp-json\/wp\/v2\/pages"}],"about":[{"href":"https:\/\/onorarestaurante.com\/en\/wp-json\/wp\/v2\/types\/page"}],"author":[{"embeddable":true,"href":"https:\/\/onorarestaurante.com\/en\/wp-json\/wp\/v2\/users\/2"}],"replies":[{"embeddable":true,"href":"https:\/\/onorarestaurante.com\/en\/wp-json\/wp\/v2\/comments?post=216"}],"version-history":[{"count":63,"href":"https:\/\/onorarestaurante.com\/en\/wp-json\/wp\/v2\/pages\/216\/revisions"}],"predecessor-version":[{"id":1101,"href":"https:\/\/onorarestaurante.com\/en\/wp-json\/wp\/v2\/pages\/216\/revisions\/1101"}],"wp:attachment":[{"href":"https:\/\/onorarestaurante.com\/en\/wp-json\/wp\/v2\/media?parent=216"}],"curies":[{"name":"wp","href":"https:\/\/api.w.org\/{rel}","templated":true}]}}